{"id":233,"date":"2024-06-19T14:18:24","date_gmt":"2024-06-19T14:18:24","guid":{"rendered":"https:\/\/xlsauna.customer.martinetics.de\/?page_id=233"},"modified":"2024-06-19T14:24:26","modified_gmt":"2024-06-19T14:24:26","slug":"mentions-legales","status":"publish","type":"page","link":"https:\/\/xl-sauna.de\/?page_id=233&lang=fr","title":{"rendered":"Mentions l\u00e9gales"},"content":{"rendered":"\n<h2 class=\"wp-block-heading has-palette-color-8-color has-text-color has-link-color wp-elements-9036942c05aa943f2cd08507c4ebb087\">Mentions l\u00e9gales<\/h2>\n\n\n\n<p>Informations conform\u00e9ment au \u00a7 5 TMG<\/p>\n\n\n\n<p><strong>XL Sauna &amp; Lounge GmbH<\/strong> <br>Brebacher Landstr. 15<br>66121 Sarrebruck<\/p>\n\n\n\n<p>\ud83d\udce7 <a>info@xl-sb.de<\/a><br>\ud83d\udcde 0681-9581683<\/p>\n\n\n\n<p><strong>Directeurs G\u00e9n\u00e9raux :<\/strong> Gentry Brownie \/ Marco Zenk<br><strong>Repr\u00e9sentants Autoris\u00e9s :<\/strong> Marco Zenk, Gentry Brownie<br><strong>Titre Professionnel \/ D\u00e9cern\u00e9 \u00e0 :<\/strong> Centre de Loisirs et de Bien-\u00eatre &#8211; Sarrebruck<\/p>\n\n\n\n<p><strong>Forme Juridique :<\/strong> GmbH<br><strong>Registre du Commerce :<\/strong> Tribunal de District de Sarrebruck<br><strong>Num\u00e9ro d&#8217;Enregistrement :<\/strong> HBR 14468<\/p>\n\n\n\n<p><strong>Registre des Coop\u00e9ratives :<\/strong> MM77.009.344.343-01<br><strong>Lieu du Registre des Coop\u00e9ratives :<\/strong> Mannheim<\/p>\n\n\n\n<p><strong>Num\u00e9ro d&#8217;identification TVA conform\u00e9ment au \u00a7 27 a de la loi sur la TVA :<\/strong><br>DE 232766252<\/p>\n\n\n\n<p><strong>Responsable \u00e9ditorialement<\/strong><br>Responsable du contenu conform\u00e9ment au \u00a7 55 Abs. 2 RStV :<\/p>\n\n\n\n<p><strong>XL Sauna &amp; Lounge GmbH<\/strong><br>Brebacher Landstr. 15<br>66121 Sarrebruck<\/p>\n\n\n\n<p>\ud83d\udce7 E-Mail: <a>info@xl-sb.de<\/a><br>\ud83d\udcde Tel.: 0681-9581683<\/p>\n\n\n\n<p><strong>Cr\u00e9ation du site web :<\/strong><\/p>\n\n\n\n<p><strong>MartiNetics<\/strong><br>Steven-Markus Martinez<br>Am Marktplatz 2<br>66346 P\u00fcttlingen<\/p>\n\n\n\n<p>\ud83d\udce7 E-Mail: <a>info@martinetics.de<\/a><br>\ud83d\udcde Tel.: (+49) 06150-183 397 0<\/p>\n\n\n\n<p><strong>Clause de non-responsabilit\u00e9 :<\/strong> Les contenus de nos pages ont \u00e9t\u00e9 cr\u00e9\u00e9s avec le plus grand soin. Nous ne pouvons cependant pas garantir l&#8217;exactitude, l&#8217;exhaustivit\u00e9 et l&#8217;actualit\u00e9 des contenus. En tant que fournisseur de services, nous sommes responsables de nos propres contenus sur ces pages conform\u00e9ment au \u00a7 7 Abs.1 TMG selon la l\u00e9gislation g\u00e9n\u00e9rale. Conform\u00e9ment aux \u00a7\u00a7 8 \u00e0 10 TMG, nous ne sommes pas oblig\u00e9s en tant que fournisseur de services de surveiller les informations \u00e9trang\u00e8res transmises ou stock\u00e9es ou de rechercher des circonstances indiquant une activit\u00e9 ill\u00e9gale. Notre offre contient des liens vers des sites Web externes tiers, sur les contenus desquels nous n&#8217;avons aucune influence. Par cons\u00e9quent, nous ne pouvons assumer aucune responsabilit\u00e9 pour ces contenus externes. Le fournisseur ou op\u00e9rateur respectif des pages est toujours responsable du contenu des pages li\u00e9es. Les pages li\u00e9es ont \u00e9t\u00e9 v\u00e9rifi\u00e9es pour d&#8217;\u00e9ventuelles violations de la loi au moment de la liaison. Les contenus ill\u00e9gaux n&#8217;\u00e9taient pas reconnaissables au moment de la liaison. Cependant, un contr\u00f4le permanent du contenu des pages li\u00e9es n&#8217;est pas raisonnable sans preuves concr\u00e8tes d&#8217;une violation de la loi. D\u00e8s la connaissance de violations de la loi, nous retirerons imm\u00e9diatement ces liens.<\/p>\n\n\n\n<p><strong>R\u00e9solution des litiges :<\/strong> La Commission europ\u00e9enne fournit une plateforme de r\u00e9solution des litiges en ligne (ODR) : <a href=\"https:\/\/ec.europa.eu\/consumers\/odr\">https:\/\/ec.europa.eu\/consumers\/odr<\/a>. Notre adresse e-mail se trouve ci-dessus dans l&#8217;impressum.<\/p>\n\n\n\n<p>Nous ne sommes pas dispos\u00e9s ni oblig\u00e9s de participer \u00e0 des proc\u00e9dures de r\u00e8glement des litiges devant un conseil d&#8217;arbitrage des consommateurs.<\/p>\n\n\n\n<p><strong>Droit d&#8217;auteur :<\/strong> Les contenus et \u0153uvres cr\u00e9\u00e9s par les op\u00e9rateurs de ce site sont soumis au droit d&#8217;auteur allemand. Les contributions de tiers sont marqu\u00e9es comme telles. La duplication, le traitement, la distribution et toute forme d&#8217;exploitation en dehors des limites du droit d&#8217;auteur n\u00e9cessitent le consentement \u00e9crit du respectif auteur ou cr\u00e9ateur. Les t\u00e9l\u00e9chargements et copies de ce site ne sont autoris\u00e9s que pour un usage priv\u00e9 et non commercial.<\/p>\n","protected":false},"excerpt":{"rendered":"<p>Mentions l\u00e9gales Informations conform\u00e9ment au \u00a7 5 TMG XL Sauna &amp; Lounge GmbH Brebacher Landstr. 1566121 Sarrebruck \ud83d\udce7 info@xl-sb.de\ud83d\udcde 0681-9581683 Directeurs G\u00e9n\u00e9raux : Gentry Brownie \/ Marco ZenkRepr\u00e9sentants Autoris\u00e9s : Marco Zenk, Gentry BrownieTitre Professionnel \/ D\u00e9cern\u00e9 \u00e0 : Centre de Loisirs et de Bien-\u00eatre &#8211; Sarrebruck Forme Juridique : GmbHRegistre du Commerce : Tribunal [&hellip;]<\/p>\n","protected":false},"author":1,"featured_media":0,"parent":0,"menu_order":0,"comment_status":"closed","ping_status":"closed","template":"","meta":{"footnotes":""},"class_list":["post-233","page","type-page","status-publish","hentry"],"blocksy_meta":[],"_links":{"self":[{"href":"https:\/\/xl-sauna.de\/index.php?rest_route=\/wp\/v2\/pages\/233","targetHints":{"allow":["GET"]}}],"collection":[{"href":"https:\/\/xl-sauna.de\/index.php?rest_route=\/wp\/v2\/pages"}],"about":[{"href":"https:\/\/xl-sauna.de\/index.php?rest_route=\/wp\/v2\/types\/page"}],"author":[{"embeddable":true,"href":"https:\/\/xl-sauna.de\/index.php?rest_route=\/wp\/v2\/users\/1"}],"replies":[{"embeddable":true,"href":"https:\/\/xl-sauna.de\/index.php?rest_route=%2Fwp%2Fv2%2Fcomments&post=233"}],"version-history":[{"count":1,"href":"https:\/\/xl-sauna.de\/index.php?rest_route=\/wp\/v2\/pages\/233\/revisions"}],"predecessor-version":[{"id":234,"href":"https:\/\/xl-sauna.de\/index.php?rest_route=\/wp\/v2\/pages\/233\/revisions\/234"}],"wp:attachment":[{"href":"https:\/\/xl-sauna.de\/index.php?rest_route=%2Fwp%2Fv2%2Fmedia&parent=233"}],"curies":[{"name":"wp","href":"https:\/\/api.w.org\/{rel}","templated":true}]}}