{"id":203,"date":"2024-06-19T10:39:20","date_gmt":"2024-06-19T10:39:20","guid":{"rendered":"https:\/\/xlsauna.customer.martinetics.de\/?page_id=203"},"modified":"2024-10-17T19:03:25","modified_gmt":"2024-10-17T19:03:25","slug":"jobs","status":"publish","type":"page","link":"https:\/\/xl-sauna.de\/?page_id=203","title":{"rendered":"Jobs"},"content":{"rendered":"\t\t<div data-elementor-type=\"wp-page\" data-elementor-id=\"203\" class=\"elementor elementor-203\" data-elementor-post-type=\"page\">\n\t\t\t\t<div class=\"elementor-element elementor-element-43605fd e-flex e-con-boxed e-con e-parent\" data-id=\"43605fd\" data-element_type=\"container\">\n\t\t\t\t\t<div class=\"e-con-inner\">\n\t\t\t\t<div class=\"elementor-element elementor-element-a92de8f elementor-hidden-tablet elementor-hidden-mobile elementor-widget elementor-widget-spacer\" data-id=\"a92de8f\" data-element_type=\"widget\" data-widget_type=\"spacer.default\">\n\t\t\t\t<div class=\"elementor-widget-container\">\n\t\t\t\t\t\t\t<div class=\"elementor-spacer\">\n\t\t\t<div class=\"elementor-spacer-inner\"><\/div>\n\t\t<\/div>\n\t\t\t\t\t\t<\/div>\n\t\t\t\t<\/div>\n\t\t\t\t<div class=\"elementor-element elementor-element-4571d71 elementor-widget elementor-widget-heading\" data-id=\"4571d71\" data-element_type=\"widget\" data-widget_type=\"heading.default\">\n\t\t\t\t<div class=\"elementor-widget-container\">\n\t\t\t\t\t<h2 class=\"elementor-heading-title elementor-size-default\">Verst\u00e4rkung f\u00fcr unser Team in der XL Sauna Saarbr\u00fccken gesucht!<\/h2>\t\t\t\t<\/div>\n\t\t\t\t<\/div>\n\t\t<div class=\"elementor-element elementor-element-e8483cb e-con-full e-flex e-con e-child\" data-id=\"e8483cb\" data-element_type=\"container\">\n\t\t\t\t<div class=\"elementor-element elementor-element-f550ffd elementor-widget__width-initial elementor-widget-mobile__width-initial elementor-widget elementor-widget-text-editor\" data-id=\"f550ffd\" data-element_type=\"widget\" data-widget_type=\"text-editor.default\">\n\t\t\t\t<div class=\"elementor-widget-container\">\n\t\t\t\t\t\t\t\t\t<p>Bist du bereit, Teil eines dynamischen und freundlichen Teams in der bekanntesten Gay-Sauna in Saarbr\u00fccken zu werden? Wir suchen engagierte und zuverl\u00e4ssige Mitarbeiter, die uns unterst\u00fctzen und dazu beitragen, dass unsere G\u00e4ste eine unvergessliche Zeit bei uns erleben.<\/p>\n<p><strong>Wir suchen derzeit:<\/strong><\/p>\n<ol>\n<li><strong>Thekenpersonal&nbsp;<\/strong><strong>auf 538\u20ac Basis<\/strong><\/li>\n<li><strong>Handwerker auf 538\u20ac Basis<\/strong><\/li>\n<li><strong>Haustechniker auf 538\u20ac Basis<\/strong><\/li>\n<\/ol>\n<p><strong>Was du mitbringen solltest:<\/strong><\/p>\n<ul>\n<li><strong>P\u00fcnktlichkeit<\/strong>: Zuverl\u00e4ssigkeit ist f\u00fcr uns das A und O.<\/li>\n<li><strong>Teamf\u00e4higkeit<\/strong>: Gemeinsam sind wir stark! Wir legen gro\u00dfen Wert auf ein harmonisches und kooperatives Miteinander.<\/li>\n<li><strong>Flexibilit\u00e4t<\/strong>: Unser Betrieb erfordert manchmal spontane Eins\u00e4tze, sowie deine Einsatzbereitschaft Nachts zu arbeiten, sei bereit daf\u00fcr.<\/li>\n<li><strong>Eigenst\u00e4ndigkeit und Verantwortungsbewusstsein<\/strong>: Wir sch\u00e4tzen Mitarbeiter, die eigenst\u00e4ndig arbeiten und Verantwortung \u00fcbernehmen k\u00f6nnen.<\/li>\n<\/ul>\n<p><strong>Warum du bei uns arbeiten solltest:<\/strong><\/p>\n<ul>\n<li><strong>Ein freundliches und queeres Arbeitsumfeld<\/strong>: Wir hei\u00dfen alle willkommen, egal ob straight, gay, bi oder trans. Bei uns steht der Mensch im Vordergrund.<\/li>\n<li><strong>Abwechslungsreiche Aufgaben<\/strong>: Kein Tag ist wie der andere, Langeweile kommt durch unsere wechselnden Partys nicht auf. Lerne jeden Tag neue Leute kennen und habe Spa\u00df an spannenden Gespr\u00e4chen mit unseren Kunden.<\/li>\n<li><strong>Faire Bezahlung<\/strong>: Wir bieten eine angemessene Verg\u00fctung und flexible Arbeitszeiten.<\/li>\n<li><b>Benefits: <\/b>Unsere Mitarbeiter erhalten kostenlosen Eintritt in die Sauna, sowie starke Verg\u00fcnstigungen an unserer Bar.<\/li>\n<\/ul>\n<p><strong>Hast du das Gef\u00fchl, dass du perfekt zu uns passt?<\/strong><\/p>\n<p>Dann lass das nicht nur ein Gef\u00fchl bleiben! Wir freuen uns darauf, dich kennenzulernen. Melde dich bei uns und vereinbare ein Treffen:<\/p>\n<p><strong>Kontakt:<\/strong> Gentry Brownie oder Marco Zenk<br>Tel.: 0681 \/ 9581683<\/p>\n<p>Wir freuen uns auf dich!<\/p>\t\t\t\t\t\t\t\t<\/div>\n\t\t\t\t<\/div>\n\t\t\t\t<div class=\"elementor-element elementor-element-9f153fd elementor-widget elementor-widget-image\" data-id=\"9f153fd\" data-element_type=\"widget\" data-widget_type=\"image.default\">\n\t\t\t\t<div class=\"elementor-widget-container\">\n\t\t\t\t\t\t\t\t\t\t\t\t\t\t\t<img fetchpriority=\"high\" decoding=\"async\" width=\"511\" height=\"812\" src=\"https:\/\/xl-sauna.de\/wp-content\/uploads\/2024\/06\/Bild_2024-06-20_001346902.png\" class=\"attachment-large size-large wp-image-250\" alt=\"\" srcset=\"https:\/\/xl-sauna.de\/wp-content\/uploads\/2024\/06\/Bild_2024-06-20_001346902.png 511w, https:\/\/xl-sauna.de\/wp-content\/uploads\/2024\/06\/Bild_2024-06-20_001346902-189x300.png 189w\" sizes=\"(max-width: 511px) 100vw, 511px\" \/>\t\t\t\t\t\t\t\t\t\t\t\t\t\t\t<\/div>\n\t\t\t\t<\/div>\n\t\t\t\t<\/div>\n\t\t\t\t\t<\/div>\n\t\t\t\t<\/div>\n\t\t\t\t<\/div>\n\t\t","protected":false},"excerpt":{"rendered":"<p>Verst\u00e4rkung f\u00fcr unser Team in der XL Sauna Saarbr\u00fccken gesucht! Bist du bereit, Teil eines dynamischen und freundlichen Teams in der bekanntesten Gay-Sauna in Saarbr\u00fccken zu werden? Wir suchen engagierte und zuverl\u00e4ssige Mitarbeiter, die uns unterst\u00fctzen und dazu beitragen, dass unsere G\u00e4ste eine unvergessliche Zeit bei uns erleben. Wir suchen derzeit: Thekenpersonal&nbsp;auf 538\u20ac Basis Handwerker [&hellip;]<\/p>\n","protected":false},"author":1,"featured_media":0,"parent":0,"menu_order":0,"comment_status":"closed","ping_status":"closed","template":"","meta":{"footnotes":""},"class_list":["post-203","page","type-page","status-publish","hentry"],"blocksy_meta":[],"_links":{"self":[{"href":"https:\/\/xl-sauna.de\/index.php?rest_route=\/wp\/v2\/pages\/203","targetHints":{"allow":["GET"]}}],"collection":[{"href":"https:\/\/xl-sauna.de\/index.php?rest_route=\/wp\/v2\/pages"}],"about":[{"href":"https:\/\/xl-sauna.de\/index.php?rest_route=\/wp\/v2\/types\/page"}],"author":[{"embeddable":true,"href":"https:\/\/xl-sauna.de\/index.php?rest_route=\/wp\/v2\/users\/1"}],"replies":[{"embeddable":true,"href":"https:\/\/xl-sauna.de\/index.php?rest_route=%2Fwp%2Fv2%2Fcomments&post=203"}],"version-history":[{"count":16,"href":"https:\/\/xl-sauna.de\/index.php?rest_route=\/wp\/v2\/pages\/203\/revisions"}],"predecessor-version":[{"id":659,"href":"https:\/\/xl-sauna.de\/index.php?rest_route=\/wp\/v2\/pages\/203\/revisions\/659"}],"wp:attachment":[{"href":"https:\/\/xl-sauna.de\/index.php?rest_route=%2Fwp%2Fv2%2Fmedia&parent=203"}],"curies":[{"name":"wp","href":"https:\/\/api.w.org\/{rel}","templated":true}]}}