{"id":160,"date":"2024-06-19T14:18:24","date_gmt":"2024-06-19T14:18:24","guid":{"rendered":"https:\/\/xlsauna.customer.martinetics.de\/?page_id=160"},"modified":"2024-06-19T13:47:35","modified_gmt":"2024-06-19T13:47:35","slug":"impressum","status":"publish","type":"page","link":"https:\/\/xl-sauna.de\/?page_id=160","title":{"rendered":"Impressum"},"content":{"rendered":"\n<h2 class=\"wp-block-heading has-palette-color-8-color has-text-color has-link-color wp-elements-dce8f89687fcaeddfef2988b68e1fe9c\">Impressum<\/h2>\n\n\n\n<h4 class=\"wp-block-heading has-palette-color-8-color has-text-color has-link-color wp-elements-be2c8ac43adda57e837c3f1aad28a1f3\" id=\"angaben-gemass-5-tmg\">Angaben gem\u00e4\u00df \u00a7 5 TMG<\/h4>\n\n\n\n<figure class=\"wp-block-image size-large is-resized\"><img fetchpriority=\"high\" decoding=\"async\" width=\"1024\" height=\"341\" src=\"https:\/\/xl-sauna.de\/wp-content\/uploads\/2024\/06\/cropped-xlslLOGO-Kopie-1-2048x681-1-1024x341.png\" alt=\"\" class=\"wp-image-15\" style=\"width:241px;height:auto\" srcset=\"https:\/\/xl-sauna.de\/wp-content\/uploads\/2024\/06\/cropped-xlslLOGO-Kopie-1-2048x681-1-1024x341.png 1024w, https:\/\/xl-sauna.de\/wp-content\/uploads\/2024\/06\/cropped-xlslLOGO-Kopie-1-2048x681-1-300x100.png 300w, https:\/\/xl-sauna.de\/wp-content\/uploads\/2024\/06\/cropped-xlslLOGO-Kopie-1-2048x681-1-768x255.png 768w, https:\/\/xl-sauna.de\/wp-content\/uploads\/2024\/06\/cropped-xlslLOGO-Kopie-1-2048x681-1-1536x511.png 1536w, https:\/\/xl-sauna.de\/wp-content\/uploads\/2024\/06\/cropped-xlslLOGO-Kopie-1-2048x681-1.png 2048w\" sizes=\"(max-width: 1024px) 100vw, 1024px\" \/><\/figure>\n\n\n\n<p>XL Sauna &amp; Lounge GmbH<br>Brebacher Landstr. 15<br>66121 Saarbr\u00fccken<\/p>\n\n\n\n<p>\ud83d\udce7 <a href=\"https:\/\/xl-sauna-de.dsa-secure.de\/mailto\/2132\">info@xl-sb.de<\/a><br>\ud83d\udcde <a>0681-9581683<\/a><\/p>\n\n\n\n<p>Gesch\u00e4ftsf\u00fchrer: Gentry Brownie \/ Marco Zenk<br>Vertretungsberechtigter: Marco Zenk, Gentry Brownie<br>Berufsbezeichnung \/ verliehen in: Freitzeit und Wellness Center-Saarbr\u00fccken<\/p>\n\n\n\n<p>Rechtsform: GmbH<br>Registergericht: Amtsgericht Saarbr\u00fccken<br>Registernummer: HBR 14468<\/p>\n\n\n\n<p>Genossenschaftsregister: MM77.009.344.343-01<br>Genossenschaftsregister Ort: Mannheim<\/p>\n\n\n\n<p>Umsatzsteuer-Identifikationsnummer gem\u00e4\u00df \u00a7 27 a Umsatzsteuergesetz:<br>DE 232766252<\/p>\n\n\n\n<h4 class=\"wp-block-heading has-palette-color-8-color has-text-color has-link-color wp-elements-d139c2d14fe4582b7f56de7eb59f4819\" id=\"redaktionell-verantwortlicher\">Redaktionell Verantwortliche<\/h4>\n\n\n\n<p><strong>Verantwortlich f\u00fcr den Inhalt gem\u00e4\u00df \u00a7 55 Abs. 2 RStV:<\/strong><\/p>\n\n\n\n<p>XL Sauna &amp; Lounge GmbH<br>Brebacher Landstr. 15<br>66121 Saarbr\u00fccken<\/p>\n\n\n\n<p>\ud83d\udce7 E-Mail: <a href=\"https:\/\/xl-sauna-de.dsa-secure.de\/mailto\/2132\">info@xl-sb.de<\/a><br>\ud83d\udcde Tel.: <a href=\"callto:00496819581683\" data-type=\"link\" data-id=\"callto:00496819581683\">0681-9581683<\/a><\/p>\n\n\n\n<p><strong>Erstellung der Webseite:<\/strong> <\/p>\n\n\n\n<p>MartiNetics<br>Steven-Markus Martinez<br>Am Marktplatz 2<br>66346 P\u00fcttlingen<br><br>\ud83d\udce7 E-Mail: <a href=\"mailto:info@martinetics.de\">info@martinetics.de<\/a><br>\ud83d\udcde Tel.: <a href=\"callto:004961501833970\" data-type=\"link\" data-id=\"callto:004961501833970\">(+49) 06150-183 397 0<\/a><\/p>\n\n\n\n<p><strong>Haftungsausschluss:<\/strong> Die Inhalte unserer Seiten wurden mit gr\u00f6\u00dfter Sorgfalt erstellt. F\u00fcr die Richtigkeit, Vollst\u00e4ndigkeit und Aktualit\u00e4t der Inhalte k\u00f6nnen wir jedoch keine Gew\u00e4hr \u00fcbernehmen. Als Diensteanbieter sind wir gem\u00e4\u00df \u00a7 7 Abs.1 TMG f\u00fcr eigene Inhalte auf diesen Seiten nach den allgemeinen Gesetzen verantwortlich. Nach \u00a7\u00a7 8 bis 10 TMG sind wir als Diensteanbieter jedoch nicht verpflichtet, \u00fcbermittelte oder gespeicherte fremde Informationen zu \u00fcberwachen oder nach Umst\u00e4nden zu forschen, die auf eine rechtswidrige T\u00e4tigkeit hinweisen.<br>Unser Angebot enth\u00e4lt Links zu externen Websites Dritter, auf deren Inhalte wir keinen Einfluss haben. Deshalb k\u00f6nnen wir f\u00fcr diese fremden Inhalte auch keine Gew\u00e4hr \u00fcbernehmen. F\u00fcr die Inhalte der verlinkten Seiten ist stets der jeweilige Anbieter oder Betreiber der Seiten verantwortlich. Die verlinkten Seiten wurden zum Zeitpunkt der Verlinkung auf m\u00f6gliche Rechtsverst\u00f6\u00dfe \u00fcberpr\u00fcft. Rechtswidrige Inhalte waren zum Zeitpunkt der Verlinkung nicht erkennbar. Eine permanente inhaltliche Kontrolle der verlinkten Seiten ist jedoch ohne konkrete Anhaltspunkte einer Rechtsverletzung nicht zumutbar. Bei Bekanntwerden von Rechtsverletzungen werden wir derartige Links umgehend entfernen.<\/p>\n\n\n\n<p><strong>Streitbeilegung:<\/strong> Die Europ\u00e4ische Kommission stellt eine Plattform zur Online-Streitbeilegung (OS) bereit: <a href=\"https:\/\/ec.europa.eu\/consumers\/odr\">https:\/\/ec.europa.eu\/consumers\/odr<\/a>. <br>Unsere E-Mail-Adresse finden Sie oben im Impressum.<\/p>\n\n\n\n<p>Wir sind nicht bereit oder verpflichtet, an Streitbeilegungsverfahren vor einer Verbraucherschlichtungsstelle teilzunehmen.<\/p>\n\n\n\n<p><strong>Urheberrecht:<\/strong> Die durch die Seitenbetreiber erstellten Inhalte und Werke auf diesen Seiten unterliegen dem deutschen Urheberrecht. Beitr\u00e4ge Dritter sind als solche gekennzeichnet. Die Vervielf\u00e4ltigung, Bearbeitung, Verbreitung und jede Art der Verwertung au\u00dferhalb der Grenzen des Urheberrechtes bed\u00fcrfen der schriftlichen Zustimmung des jeweiligen Autors bzw. Erstellers. Downloads und Kopien dieser Seite sind nur f\u00fcr den privaten, nicht kommerziellen Gebrauch gestattet.<\/p>\n\n\n\n<p><\/p>\n","protected":false},"excerpt":{"rendered":"<p>Impressum Angaben gem\u00e4\u00df \u00a7 5 TMG XL Sauna &amp; Lounge GmbHBrebacher Landstr. 1566121 Saarbr\u00fccken \ud83d\udce7 info@xl-sb.de\ud83d\udcde 0681-9581683 Gesch\u00e4ftsf\u00fchrer: Gentry Brownie \/ Marco ZenkVertretungsberechtigter: Marco Zenk, Gentry BrownieBerufsbezeichnung \/ verliehen in: Freitzeit und Wellness Center-Saarbr\u00fccken Rechtsform: GmbHRegistergericht: Amtsgericht Saarbr\u00fcckenRegisternummer: HBR 14468 Genossenschaftsregister: MM77.009.344.343-01Genossenschaftsregister Ort: Mannheim Umsatzsteuer-Identifikationsnummer gem\u00e4\u00df \u00a7 27 a Umsatzsteuergesetz:DE 232766252 Redaktionell Verantwortliche Verantwortlich f\u00fcr [&hellip;]<\/p>\n","protected":false},"author":1,"featured_media":0,"parent":0,"menu_order":0,"comment_status":"closed","ping_status":"closed","template":"","meta":{"footnotes":""},"class_list":["post-160","page","type-page","status-publish","hentry"],"blocksy_meta":[],"_links":{"self":[{"href":"https:\/\/xl-sauna.de\/index.php?rest_route=\/wp\/v2\/pages\/160","targetHints":{"allow":["GET"]}}],"collection":[{"href":"https:\/\/xl-sauna.de\/index.php?rest_route=\/wp\/v2\/pages"}],"about":[{"href":"https:\/\/xl-sauna.de\/index.php?rest_route=\/wp\/v2\/types\/page"}],"author":[{"embeddable":true,"href":"https:\/\/xl-sauna.de\/index.php?rest_route=\/wp\/v2\/users\/1"}],"replies":[{"embeddable":true,"href":"https:\/\/xl-sauna.de\/index.php?rest_route=%2Fwp%2Fv2%2Fcomments&post=160"}],"version-history":[{"count":2,"href":"https:\/\/xl-sauna.de\/index.php?rest_route=\/wp\/v2\/pages\/160\/revisions"}],"predecessor-version":[{"id":224,"href":"https:\/\/xl-sauna.de\/index.php?rest_route=\/wp\/v2\/pages\/160\/revisions\/224"}],"wp:attachment":[{"href":"https:\/\/xl-sauna.de\/index.php?rest_route=%2Fwp%2Fv2%2Fmedia&parent=160"}],"curies":[{"name":"wp","href":"https:\/\/api.w.org\/{rel}","templated":true}]}}